{"id":607,"date":"2022-11-05T16:45:07","date_gmt":"2022-11-05T15:45:07","guid":{"rendered":"http:\/\/jclebrun.eu\/blog\/?page_id=607"},"modified":"2026-04-02T13:47:18","modified_gmt":"2026-04-02T11:47:18","slug":"chroniques-2","status":"publish","type":"page","link":"http:\/\/jclebrun.eu\/blog\/chroniques-2\/","title":{"rendered":"Derni\u00e8res chroniques"},"content":{"rendered":"\n<p><\/p>\n\n\n\n<h5 class=\"wp-block-heading\"><a href=\"http:\/\/jclebrun.eu\/blog\/2026\/04\/02\/michel-bernard-2\/\">02\/03\/2026 Michel Bernard \u00ab\u00a0L&rsquo;automne d&rsquo;Andr\u00e9 Derain\u00a0\u00bb<\/a><\/h5>\n\n\n\n<h5 class=\"wp-block-heading\"><a href=\"https:\/\/jclebrun.eu\/blog\/2026\/03\/18\/vicente-luis-mora\/\">19\/03\/2026 Vicente Luis Mora \u00ab\u00a0Mitteleuropa\u00a0\u00bb<\/a><\/h5>\n\n\n\n<h5 class=\"wp-block-heading\"><a href=\"https:\/\/jclebrun.eu\/blog\/2026\/03\/10\/pieterke-mol\/\">12\/03\/2026 Pieterke Mol \u00ab\u00a0Comme ta m\u00e8re\u00a0\u00bb<\/a><\/h5>\n\n\n\n<h5 class=\"wp-block-heading\"><a href=\"https:\/\/jclebrun.eu\/blog\/2026\/03\/02\/jonas-sollberger\/\">05\/03\/2026 Jonas Sollberger \u00ab\u00a0Viens Elie\u00a0\u00bb<\/a><\/h5>\n\n\n\n<h5 class=\"wp-block-heading\"><a href=\"https:\/\/jclebrun.eu\/blog\/2026\/02\/24\/thomas-mann\/\">26\/02\/2026 Thomas Mann \u00ab\u00a0Les Buddenbrook\u00a0\u00bb (Nouvelle traduction)<\/a><\/h5>\n\n\n\n<h5 class=\"wp-block-heading\"><a href=\"https:\/\/jclebrun.eu\/blog\/2026\/02\/18\/catherine-gucher\/\">19\/02\/2026 Catherine Gucher \u00ab\u00a0Rose, Marie &amp; Dalida<\/a>\u00ab\u00a0<\/h5>\n\n\n\n<h5 class=\"wp-block-heading\"><a href=\"https:\/\/jclebrun.eu\/blog\/2026\/02\/09\/mei-lepage\/\">12\/02\/2026 Me\u00ef Lepage \u00ab\u00a0S\u00e9cher tes larmes\u00a0\u00bb<\/a><\/h5>\n\n\n\n<h5 class=\"wp-block-heading\"><a href=\"https:\/\/jclebrun.eu\/blog\/2026\/02\/03\/christine-jordis-3\/\">05\/02\/2026 Christine Jordis \u00ab\u00a0Passion anglaise\u00a0\u00bb<\/a><\/h5>\n\n\n\n<h5 class=\"wp-block-heading\"><a href=\"https:\/\/jclebrun.eu\/blog\/2026\/01\/27\/guillaume-viry-2\/\">29\/01\/2026 Guillaume Viry \u00ab\u00a0L&rsquo;Esprit de sel\u00a0\u00bb<\/a><\/h5>\n\n\n\n<h5 class=\"wp-block-heading\"><a href=\"https:\/\/jclebrun.eu\/blog\/2026\/01\/20\/pauline-peyrade-2\/\">22\/01\/2026 Pauline Peyrade \u00ab\u00a0Les habitantes\u00a0\u00bb<\/a><\/h5>\n\n\n\n<h5 class=\"wp-block-heading\"><a href=\"https:\/\/jclebrun.eu\/blog\/2026\/01\/12\/swann-dupont\/\">15\/01\/2026 Swann Dupont \u00ab\u00a0Fille de pute\u00a0\u00bb<\/a><\/h5>\n\n\n\n<h5 class=\"wp-block-heading\"><a href=\"https:\/\/jclebrun.eu\/blog\/2026\/01\/05\/philippe-besson-5\/\">08\/01\/2026 Philippe Besson \u00ab\u00a0Une pension en Italie\u00a0\u00bb<\/a><\/h5>\n\n\n\n<h5 class=\"wp-block-heading\"><a href=\"https:\/\/jclebrun.eu\/blog\/2025\/12\/20\/theodor-w-adorno\/\">18\/12\/2025 Theodor W. Adorno \u00ab\u00a0D\u00e9sir autoritaire\u00a0\u00bb<\/a><\/h5>\n\n\n\n<h5 class=\"wp-block-heading\"><a href=\"https:\/\/jclebrun.eu\/blog\/2025\/12\/10\/jean-dormesson\/\">11\/12\/2025 Jean d&rsquo;Ormesson \u00a0\u00bb Quand l&rsquo;Enchanteur vint au monde\u00a0\u00bb<\/a><\/h5>\n\n\n\n<h5 class=\"wp-block-heading\"><a href=\"https:\/\/jclebrun.eu\/blog\/2025\/12\/02\/jean-louis-backes\/\">04\/12\/2025 Jean-Louis Back\u00e8s \u00ab\u00a0Ks\u00e9nia\u00a0\u00bb<\/a><\/h5>\n\n\n\n<h5 class=\"wp-block-heading\"><a href=\"https:\/\/jclebrun.eu\/blog\/2025\/11\/24\/nassera-tamer\/\">27\/11\/2025 Nassera Tamer \u00ab\u00a0All\u00f4 la Place\u00a0\u00bb<\/a><\/h5>\n","protected":false},"excerpt":{"rendered":"<p>02\/03\/2026 Michel Bernard \u00ab\u00a0L&rsquo;automne d&rsquo;Andr\u00e9 Derain\u00a0\u00bb 19\/03\/2026 Vicente Luis Mora \u00ab\u00a0Mitteleuropa\u00a0\u00bb 12\/03\/2026 Pieterke Mol \u00ab\u00a0Comme ta m\u00e8re\u00a0\u00bb 05\/03\/2026 Jonas Sollberger \u00ab\u00a0Viens Elie\u00a0\u00bb 26\/02\/2026 Thomas Mann \u00ab\u00a0Les Buddenbrook\u00a0\u00bb (Nouvelle traduction) 19\/02\/2026 Catherine Gucher \u00ab\u00a0Rose, Marie &amp; Dalida\u00ab\u00a0 12\/02\/2026 Me\u00ef Lepage \u00ab\u00a0S\u00e9cher tes larmes\u00a0\u00bb 05\/02\/2026 Christine Jordis \u00ab\u00a0Passion anglaise\u00a0\u00bb 29\/01\/2026 Guillaume Viry \u00ab\u00a0L&rsquo;Esprit de sel\u00a0\u00bb 22\/01\/2026 Pauline [&hellip;]<\/p>\n","protected":false},"author":1,"featured_media":0,"parent":0,"menu_order":0,"comment_status":"closed","ping_status":"closed","template":"","meta":{"_eb_attr":"","footnotes":""},"class_list":["post-607","page","type-page","status-publish","hentry"],"yoast_head":"<!-- This site is optimized with the Yoast SEO plugin v27.3 - https:\/\/yoast.com\/product\/yoast-seo-wordpress\/ -->\n<title>Derni\u00e8res chroniques - Blog de Jean-Claude Lebrun<\/title>\n<meta name=\"robots\" content=\"index, follow, max-snippet:-1, max-image-preview:large, max-video-preview:-1\" \/>\n<link rel=\"canonical\" href=\"http:\/\/jclebrun.eu\/blog\/chroniques-2\/\" \/>\n<meta property=\"og:locale\" content=\"fr_FR\" \/>\n<meta property=\"og:type\" content=\"article\" \/>\n<meta property=\"og:title\" content=\"Derni\u00e8res chroniques - Blog de Jean-Claude Lebrun\" \/>\n<meta property=\"og:description\" content=\"02\/03\/2026 Michel Bernard \u00ab\u00a0L&rsquo;automne d&rsquo;Andr\u00e9 Derain\u00a0\u00bb 19\/03\/2026 Vicente Luis Mora \u00ab\u00a0Mitteleuropa\u00a0\u00bb 12\/03\/2026 Pieterke Mol \u00ab\u00a0Comme ta m\u00e8re\u00a0\u00bb 05\/03\/2026 Jonas Sollberger \u00ab\u00a0Viens Elie\u00a0\u00bb 26\/02\/2026 Thomas Mann \u00ab\u00a0Les Buddenbrook\u00a0\u00bb (Nouvelle traduction) 19\/02\/2026 Catherine Gucher \u00ab\u00a0Rose, Marie &amp; Dalida\u00ab\u00a0 12\/02\/2026 Me\u00ef Lepage \u00ab\u00a0S\u00e9cher tes larmes\u00a0\u00bb 05\/02\/2026 Christine Jordis \u00ab\u00a0Passion anglaise\u00a0\u00bb 29\/01\/2026 Guillaume Viry \u00ab\u00a0L&rsquo;Esprit de sel\u00a0\u00bb 22\/01\/2026 Pauline [&hellip;]\" \/>\n<meta property=\"og:url\" content=\"http:\/\/jclebrun.eu\/blog\/chroniques-2\/\" \/>\n<meta property=\"og:site_name\" content=\"Blog de Jean-Claude Lebrun\" \/>\n<meta property=\"article:modified_time\" content=\"2026-04-02T11:47:18+00:00\" \/>\n<meta name=\"twitter:card\" content=\"summary_large_image\" \/>\n<meta name=\"twitter:label1\" content=\"Dur\u00e9e de lecture estim\u00e9e\" \/>\n\t<meta name=\"twitter:data1\" content=\"1 minute\" \/>\n<script type=\"application\/ld+json\" class=\"yoast-schema-graph\">{\"@context\":\"https:\\\/\\\/schema.org\",\"@graph\":[{\"@type\":\"WebPage\",\"@id\":\"http:\\\/\\\/jclebrun.eu\\\/blog\\\/chroniques-2\\\/\",\"url\":\"http:\\\/\\\/jclebrun.eu\\\/blog\\\/chroniques-2\\\/\",\"name\":\"Derni\u00e8res chroniques - Blog de Jean-Claude Lebrun\",\"isPartOf\":{\"@id\":\"http:\\\/\\\/jclebrun.eu\\\/blog\\\/#website\"},\"datePublished\":\"2022-11-05T15:45:07+00:00\",\"dateModified\":\"2026-04-02T11:47:18+00:00\",\"breadcrumb\":{\"@id\":\"http:\\\/\\\/jclebrun.eu\\\/blog\\\/chroniques-2\\\/#breadcrumb\"},\"inLanguage\":\"fr-FR\",\"potentialAction\":[{\"@type\":\"ReadAction\",\"target\":[\"http:\\\/\\\/jclebrun.eu\\\/blog\\\/chroniques-2\\\/\"]}]},{\"@type\":\"BreadcrumbList\",\"@id\":\"http:\\\/\\\/jclebrun.eu\\\/blog\\\/chroniques-2\\\/#breadcrumb\",\"itemListElement\":[{\"@type\":\"ListItem\",\"position\":1,\"name\":\"Accueil\",\"item\":\"http:\\\/\\\/jclebrun.eu\\\/blog\\\/\"},{\"@type\":\"ListItem\",\"position\":2,\"name\":\"Critiques les plus r\u00e9centes\"}]},{\"@type\":\"WebSite\",\"@id\":\"http:\\\/\\\/jclebrun.eu\\\/blog\\\/#website\",\"url\":\"http:\\\/\\\/jclebrun.eu\\\/blog\\\/\",\"name\":\"Territoires romanesques 2023\",\"description\":\"Un site de critique litt\u00e9raire, par un chroniqueur laur\u00e9at de l&#039;Acad\u00e9mie fran\u00e7aise, utilisant WordPress\",\"publisher\":{\"@id\":\"http:\\\/\\\/jclebrun.eu\\\/blog\\\/#organization\"},\"potentialAction\":[{\"@type\":\"SearchAction\",\"target\":{\"@type\":\"EntryPoint\",\"urlTemplate\":\"http:\\\/\\\/jclebrun.eu\\\/blog\\\/?s={search_term_string}\"},\"query-input\":{\"@type\":\"PropertyValueSpecification\",\"valueRequired\":true,\"valueName\":\"search_term_string\"}}],\"inLanguage\":\"fr-FR\"},{\"@type\":\"Organization\",\"@id\":\"http:\\\/\\\/jclebrun.eu\\\/blog\\\/#organization\",\"name\":\"Territoires romanesques 2023\",\"alternateName\":\"Site de critique litt\u00e9raire\",\"url\":\"http:\\\/\\\/jclebrun.eu\\\/blog\\\/\",\"logo\":{\"@type\":\"ImageObject\",\"inLanguage\":\"fr-FR\",\"@id\":\"http:\\\/\\\/jclebrun.eu\\\/blog\\\/#\\\/schema\\\/logo\\\/image\\\/\",\"url\":\"http:\\\/\\\/jclebrun.eu\\\/blog\\\/wp-content\\\/uploads\\\/2022\\\/05\\\/IMG_1446.jpg\",\"contentUrl\":\"http:\\\/\\\/jclebrun.eu\\\/blog\\\/wp-content\\\/uploads\\\/2022\\\/05\\\/IMG_1446.jpg\",\"width\":320,\"height\":240,\"caption\":\"Territoires romanesques 2023\"},\"image\":{\"@id\":\"http:\\\/\\\/jclebrun.eu\\\/blog\\\/#\\\/schema\\\/logo\\\/image\\\/\"}}]}<\/script>\n<!-- \/ Yoast SEO plugin. -->","yoast_head_json":{"title":"Derni\u00e8res chroniques - Blog de Jean-Claude Lebrun","robots":{"index":"index","follow":"follow","max-snippet":"max-snippet:-1","max-image-preview":"max-image-preview:large","max-video-preview":"max-video-preview:-1"},"canonical":"http:\/\/jclebrun.eu\/blog\/chroniques-2\/","og_locale":"fr_FR","og_type":"article","og_title":"Derni\u00e8res chroniques - Blog de Jean-Claude Lebrun","og_description":"02\/03\/2026 Michel Bernard \u00ab\u00a0L&rsquo;automne d&rsquo;Andr\u00e9 Derain\u00a0\u00bb 19\/03\/2026 Vicente Luis Mora \u00ab\u00a0Mitteleuropa\u00a0\u00bb 12\/03\/2026 Pieterke Mol \u00ab\u00a0Comme ta m\u00e8re\u00a0\u00bb 05\/03\/2026 Jonas Sollberger \u00ab\u00a0Viens Elie\u00a0\u00bb 26\/02\/2026 Thomas Mann \u00ab\u00a0Les Buddenbrook\u00a0\u00bb (Nouvelle traduction) 19\/02\/2026 Catherine Gucher \u00ab\u00a0Rose, Marie &amp; Dalida\u00ab\u00a0 12\/02\/2026 Me\u00ef Lepage \u00ab\u00a0S\u00e9cher tes larmes\u00a0\u00bb 05\/02\/2026 Christine Jordis \u00ab\u00a0Passion anglaise\u00a0\u00bb 29\/01\/2026 Guillaume Viry \u00ab\u00a0L&rsquo;Esprit de sel\u00a0\u00bb 22\/01\/2026 Pauline [&hellip;]","og_url":"http:\/\/jclebrun.eu\/blog\/chroniques-2\/","og_site_name":"Blog de Jean-Claude Lebrun","article_modified_time":"2026-04-02T11:47:18+00:00","twitter_card":"summary_large_image","twitter_misc":{"Dur\u00e9e de lecture estim\u00e9e":"1 minute"},"schema":{"@context":"https:\/\/schema.org","@graph":[{"@type":"WebPage","@id":"http:\/\/jclebrun.eu\/blog\/chroniques-2\/","url":"http:\/\/jclebrun.eu\/blog\/chroniques-2\/","name":"Derni\u00e8res chroniques - Blog de Jean-Claude Lebrun","isPartOf":{"@id":"http:\/\/jclebrun.eu\/blog\/#website"},"datePublished":"2022-11-05T15:45:07+00:00","dateModified":"2026-04-02T11:47:18+00:00","breadcrumb":{"@id":"http:\/\/jclebrun.eu\/blog\/chroniques-2\/#breadcrumb"},"inLanguage":"fr-FR","potentialAction":[{"@type":"ReadAction","target":["http:\/\/jclebrun.eu\/blog\/chroniques-2\/"]}]},{"@type":"BreadcrumbList","@id":"http:\/\/jclebrun.eu\/blog\/chroniques-2\/#breadcrumb","itemListElement":[{"@type":"ListItem","position":1,"name":"Accueil","item":"http:\/\/jclebrun.eu\/blog\/"},{"@type":"ListItem","position":2,"name":"Critiques les plus r\u00e9centes"}]},{"@type":"WebSite","@id":"http:\/\/jclebrun.eu\/blog\/#website","url":"http:\/\/jclebrun.eu\/blog\/","name":"Territoires romanesques 2023","description":"Un site de critique litt\u00e9raire, par un chroniqueur laur\u00e9at de l&#039;Acad\u00e9mie fran\u00e7aise, utilisant WordPress","publisher":{"@id":"http:\/\/jclebrun.eu\/blog\/#organization"},"potentialAction":[{"@type":"SearchAction","target":{"@type":"EntryPoint","urlTemplate":"http:\/\/jclebrun.eu\/blog\/?s={search_term_string}"},"query-input":{"@type":"PropertyValueSpecification","valueRequired":true,"valueName":"search_term_string"}}],"inLanguage":"fr-FR"},{"@type":"Organization","@id":"http:\/\/jclebrun.eu\/blog\/#organization","name":"Territoires romanesques 2023","alternateName":"Site de critique litt\u00e9raire","url":"http:\/\/jclebrun.eu\/blog\/","logo":{"@type":"ImageObject","inLanguage":"fr-FR","@id":"http:\/\/jclebrun.eu\/blog\/#\/schema\/logo\/image\/","url":"http:\/\/jclebrun.eu\/blog\/wp-content\/uploads\/2022\/05\/IMG_1446.jpg","contentUrl":"http:\/\/jclebrun.eu\/blog\/wp-content\/uploads\/2022\/05\/IMG_1446.jpg","width":320,"height":240,"caption":"Territoires romanesques 2023"},"image":{"@id":"http:\/\/jclebrun.eu\/blog\/#\/schema\/logo\/image\/"}}]}},"_links":{"self":[{"href":"http:\/\/jclebrun.eu\/blog\/wp-json\/wp\/v2\/pages\/607","targetHints":{"allow":["GET"]}}],"collection":[{"href":"http:\/\/jclebrun.eu\/blog\/wp-json\/wp\/v2\/pages"}],"about":[{"href":"http:\/\/jclebrun.eu\/blog\/wp-json\/wp\/v2\/types\/page"}],"author":[{"embeddable":true,"href":"http:\/\/jclebrun.eu\/blog\/wp-json\/wp\/v2\/users\/1"}],"replies":[{"embeddable":true,"href":"http:\/\/jclebrun.eu\/blog\/wp-json\/wp\/v2\/comments?post=607"}],"version-history":[{"count":316,"href":"http:\/\/jclebrun.eu\/blog\/wp-json\/wp\/v2\/pages\/607\/revisions"}],"predecessor-version":[{"id":2929,"href":"http:\/\/jclebrun.eu\/blog\/wp-json\/wp\/v2\/pages\/607\/revisions\/2929"}],"wp:attachment":[{"href":"http:\/\/jclebrun.eu\/blog\/wp-json\/wp\/v2\/media?parent=607"}],"curies":[{"name":"wp","href":"https:\/\/api.w.org\/{rel}","templated":true}]}}