{"id":1584,"date":"2023-12-30T15:22:04","date_gmt":"2023-12-30T14:22:04","guid":{"rendered":"https:\/\/jclebrun.eu\/blog\/?page_id=1584"},"modified":"2024-12-24T15:40:37","modified_gmt":"2024-12-24T14:40:37","slug":"archives-2024","status":"publish","type":"page","link":"https:\/\/jclebrun.eu\/blog\/archives-2024\/","title":{"rendered":"Archives 2024"},"content":{"rendered":"\n<div class=\"wp-block-buttons is-layout-flex wp-block-buttons-is-layout-flex\">\n<div class=\"wp-block-button\"><a class=\"wp-block-button__link wp-element-button\">abcd<\/a><\/div>\n<\/div>\n\n\n\n<h5 class=\"wp-block-heading\"><a href=\"https:\/\/jclebrun.eu\/blog\/2024\/03\/06\/mathieu-belezi-2\/\">Belezi Mathieu<\/a><\/h5>\n\n\n\n<h5 class=\"wp-block-heading\"><a href=\"https:\/\/jclebrun.eu\/blog\/2024\/05\/23\/gil-ben-aych-2\/\">Ben Aych Gil<\/a><\/h5>\n\n\n\n<h5 class=\"wp-block-heading\"><a href=\"https:\/\/jclebrun.eu\/blog\/2024\/05\/14\/michel-bernard\/\">Bernard Michel<\/a><\/h5>\n\n\n\n<h5 class=\"wp-block-heading\"><a href=\"https:\/\/jclebrun.eu\/blog\/2024\/01\/09\/philippe-besson-2\/\">Besson Philippe<\/a><\/h5>\n\n\n\n<h5 class=\"wp-block-heading\"><a href=\"https:\/\/jclebrun.eu\/blog\/2024\/04\/24\/philippe-bonilo\/\">Bonilo Philippe<\/a><\/h5>\n\n\n\n<h5 class=\"wp-block-heading\"><a href=\"https:\/\/jclebrun.eu\/blog\/2024\/04\/04\/olivier-bordacarre-2\/\">Borda\u00e7arre Olivier<\/a><\/h5>\n\n\n\n<h5 class=\"wp-block-heading\"><a href=\"https:\/\/jclebrun.eu\/blog\/2024\/04\/17\/christopher-bouix\/\">Bouix Christophe<\/a><\/h5>\n\n\n\n<h5 class=\"wp-block-heading\"><a href=\"https:\/\/jclebrun.eu\/blog\/2024\/06\/06\/benjamin-carteret\/\">Carteret Benjamin<\/a><\/h5>\n\n\n\n<h5 class=\"wp-block-heading\"><a href=\"https:\/\/jclebrun.eu\/blog\/2024\/06\/30\/francoise-chandernagor\/\">Chandernagor Fran\u00e7oise<\/a><\/h5>\n\n\n\n<h5 class=\"wp-block-heading\"><a href=\"https:\/\/jclebrun.eu\/blog\/2023\/12\/30\/emma-doude-van-troostwijk\/\">Doude Van Troostwijk Emma<\/a><\/h5>\n\n\n\n<h5 class=\"wp-block-heading\"><a href=\"https:\/\/jclebrun.eu\/blog\/2024\/03\/12\/lionel-duroy\/\">Duroy Lionel<\/a><\/h5>\n\n\n\n<div class=\"wp-block-buttons is-layout-flex wp-block-buttons-is-layout-flex\">\n<div class=\"wp-block-button\"><a class=\"wp-block-button__link wp-element-button\">efghijk<\/a><\/div>\n<\/div>\n\n\n\n<h5 class=\"wp-block-heading\"><a href=\"https:\/\/jclebrun.eu\/blog\/2024\/09\/24\/joel-egloff\/\">Egloff Jo\u00ebl<\/a><\/h5>\n\n\n\n<h5 class=\"wp-block-heading\"><a href=\"https:\/\/jclebrun.eu\/blog\/2024\/02\/14\/cyrille-falisse\/\">Falisse Cyrille<\/a><\/h5>\n\n\n\n<h5 class=\"wp-block-heading\"><a href=\"https:\/\/jclebrun.eu\/blog\/2024\/05\/28\/paul-fournel-2\/\">Fournel Paul<\/a><\/h5>\n\n\n\n<h5 class=\"wp-block-heading\"><a href=\"https:\/\/jclebrun.eu\/blog\/2024\/12\/23\/anna-funder\/\">Funder Anna<\/a><\/h5>\n\n\n\n<h5 class=\"wp-block-heading\"><a href=\"https:\/\/jclebrun.eu\/blog\/2024\/10\/22\/matthieu-gounelle\/\">Gounelle Matthieu<\/a><\/h5>\n\n\n\n<h5 class=\"wp-block-heading\"><a href=\"https:\/\/jclebrun.eu\/blog\/2024\/12\/04\/coralie-grimand\/\">Grimand Coralie<\/a><\/h5>\n\n\n\n<h5 class=\"wp-block-heading\"><a href=\"https:\/\/jclebrun.eu\/blog\/2024\/06\/21\/paul-guimard\/\">Guimard Paul<\/a><\/h5>\n\n\n\n<h5 class=\"wp-block-heading\"><a href=\"https:\/\/jclebrun.eu\/blog\/2024\/09\/06\/hubert-haddad\/\">Haddad Hubert<\/a><\/h5>\n\n\n\n<h5 class=\"wp-block-heading\"><a href=\"https:\/\/jclebrun.eu\/blog\/2024\/02\/07\/xavier-hanotte\/\">Hanotte Xavier<\/a><\/h5>\n\n\n\n<h5 class=\"wp-block-heading\"><a href=\"https:\/\/jclebrun.eu\/blog\/2024\/06\/15\/xavier-hanotte-2\/\">Hanotte Xavier (2)<\/a><\/h5>\n\n\n\n<h5 class=\"wp-block-heading\"><a href=\"https:\/\/jclebrun.eu\/blog\/2024\/03\/19\/cecile-a-holdban\/\">Holdban C\u00e9cile A.<\/a><\/h5>\n\n\n\n<h5 class=\"wp-block-heading\"><a href=\"https:\/\/jclebrun.eu\/blog\/2024\/11\/05\/christine-jordis-2\/\">Jordis Christine<\/a><\/h5>\n\n\n\n<h5 class=\"wp-block-heading\"><a href=\"https:\/\/jclebrun.eu\/blog\/2024\/07\/23\/yasmina-khadra-2\/\">Khadra Yasmina<\/a><\/h5>\n\n\n\n<div class=\"wp-block-buttons is-layout-flex wp-block-buttons-is-layout-flex\">\n<div class=\"wp-block-button\"><a class=\"wp-block-button__link wp-element-button\">lmnop<\/a><\/div>\n<\/div>\n\n\n\n<h5 class=\"wp-block-heading\"><a href=\"https:\/\/jclebrun.eu\/blog\/2024\/03\/26\/eric-laurrent\/\">laurrent \u00e9ric<\/a><\/h5>\n\n\n\n<h5 class=\"wp-block-heading\"><a href=\"https:\/\/jclebrun.eu\/blog\/2024\/02\/20\/jean-pierre-martin\/\">Martin Jean-Pier<\/a>RE <\/h5>\n\n\n\n<h5 class=\"wp-block-heading\"><a href=\"https:\/\/jclebrun.eu\/blog\/2024\/11\/27\/hisham-matar\/\">Matar Hisham<\/a><\/h5>\n\n\n\n<h5 class=\"wp-block-heading\"><a href=\"https:\/\/jclebrun.eu\/blog\/2024\/04\/11\/daniel-morvan\/\">Morvan Daniel<\/a><\/h5>\n\n\n\n<h5 class=\"wp-block-heading\"><a href=\"https:\/\/jclebrun.eu\/blog\/2024\/10\/03\/veronique-olmi\/\">Olmi V\u00e9ronique<\/a><\/h5>\n\n\n\n<h5 class=\"wp-block-heading\"><a href=\"https:\/\/jclebrun.eu\/blog\/2024\/02\/27\/dominique-paravel\/\">Paravel Dominique<\/a><\/h5>\n\n\n\n<h5 class=\"wp-block-heading\"><a href=\"https:\/\/jclebrun.eu\/blog\/2024\/10\/14\/sylvain-prudhomme-2\/\">Prudhomme Sylvain<\/a><\/h5>\n\n\n\n<div class=\"wp-block-buttons is-layout-flex wp-block-buttons-is-layout-flex\">\n<div class=\"wp-block-button\"><a class=\"wp-block-button__link wp-element-button\">qrstu<\/a><\/div>\n<\/div>\n\n\n\n<h5 class=\"wp-block-heading\"><a href=\"https:\/\/jclebrun.eu\/blog\/2024\/10\/28\/yves-ravey-2\/\">Ravey Yves<\/a><\/h5>\n\n\n\n<h5 class=\"wp-block-heading\"><a href=\"https:\/\/jclebrun.eu\/blog\/2024\/01\/31\/olivier-rolin\/\">Rolin Olivier<\/a><\/h5>\n\n\n\n<h5 class=\"wp-block-heading\"><a href=\"https:\/\/jclebrun.eu\/blog\/2024\/01\/15\/jean-marie-rouart-2\/\">Rouart Jean-Marie<\/a><\/h5>\n\n\n\n<h5 class=\"wp-block-heading\"><a href=\"https:\/\/jclebrun.eu\/blog\/2024\/11\/21\/jean-rouaud-nathalie-skowronek\/\">Rouaud Jean<\/a><\/h5>\n\n\n\n<h5 class=\"wp-block-heading\"><a href=\"https:\/\/jclebrun.eu\/blog\/2024\/05\/02\/salman-rushdie\/\">Rushdie Salman<\/a><\/h5>\n\n\n\n<h5 class=\"wp-block-heading\"><a href=\"https:\/\/jclebrun.eu\/blog\/2024\/09\/18\/katja-schonherr\/\">Sch\u00f6nherr Katja<\/a><\/h5>\n\n\n\n<h5 class=\"wp-block-heading\"><a href=\"https:\/\/jclebrun.eu\/blog\/2024\/01\/23\/marie-sizun\/\">Sizun Marie<\/a><\/h5>\n\n\n\n<h5 class=\"wp-block-heading\"><a href=\"https:\/\/jclebrun.eu\/blog\/2024\/11\/21\/jean-rouaud-nathalie-skowronek\/\">Skowronek Nathalie<\/a><\/h5>\n\n\n\n<div class=\"wp-block-buttons is-layout-flex wp-block-buttons-is-layout-flex\">\n<div class=\"wp-block-button\"><a class=\"wp-block-button__link wp-element-button\">vwxyz<\/a><\/div>\n<\/div>\n\n\n\n<h5 class=\"wp-block-heading\"><a href=\"https:\/\/jclebrun.eu\/blog\/2024\/11\/12\/guillaume-viry\/\">Viry Guillaume<\/a><\/h5>\n\n\n\n<h5 class=\"wp-block-heading\"><a href=\"https:\/\/jclebrun.eu\/blog\/2024\/12\/11\/josef-winkler\/\">Winkler Josef<\/a><\/h5>\n","protected":false},"excerpt":{"rendered":"<p>Belezi Mathieu Ben Aych Gil Bernard Michel Besson Philippe Bonilo Philippe Borda\u00e7arre Olivier Bouix Christophe Carteret Benjamin Chandernagor Fran\u00e7oise Doude Van Troostwijk Emma Duroy Lionel Egloff Jo\u00ebl Falisse Cyrille Fournel Paul Funder Anna Gounelle Matthieu Grimand Coralie Guimard Paul Haddad Hubert Hanotte Xavier Hanotte Xavier (2) Holdban C\u00e9cile A. Jordis Christine Khadra Yasmina laurrent \u00e9ric [&hellip;]<\/p>\n","protected":false},"author":1,"featured_media":0,"parent":0,"menu_order":0,"comment_status":"closed","ping_status":"closed","template":"","meta":{"_eb_attr":"","footnotes":""},"class_list":["post-1584","page","type-page","status-publish","hentry"],"yoast_head":"<!-- This site is optimized with the Yoast SEO plugin v27.3 - https:\/\/yoast.com\/product\/yoast-seo-wordpress\/ -->\n<title>Archives 2024 - Blog de Jean-Claude Lebrun<\/title>\n<meta name=\"robots\" content=\"index, follow, max-snippet:-1, max-image-preview:large, max-video-preview:-1\" \/>\n<link rel=\"canonical\" href=\"http:\/\/jclebrun.eu\/blog\/archives-2024\/\" \/>\n<meta property=\"og:locale\" content=\"fr_FR\" \/>\n<meta property=\"og:type\" content=\"article\" \/>\n<meta property=\"og:title\" content=\"Archives 2024 - Blog de Jean-Claude Lebrun\" \/>\n<meta property=\"og:description\" content=\"Belezi Mathieu Ben Aych Gil Bernard Michel Besson Philippe Bonilo Philippe Borda\u00e7arre Olivier Bouix Christophe Carteret Benjamin Chandernagor Fran\u00e7oise Doude Van Troostwijk Emma Duroy Lionel Egloff Jo\u00ebl Falisse Cyrille Fournel Paul Funder Anna Gounelle Matthieu Grimand Coralie Guimard Paul Haddad Hubert Hanotte Xavier Hanotte Xavier (2) Holdban C\u00e9cile A. Jordis Christine Khadra Yasmina laurrent \u00e9ric [&hellip;]\" \/>\n<meta property=\"og:url\" content=\"http:\/\/jclebrun.eu\/blog\/archives-2024\/\" \/>\n<meta property=\"og:site_name\" content=\"Blog de Jean-Claude Lebrun\" \/>\n<meta property=\"article:modified_time\" content=\"2024-12-24T14:40:37+00:00\" \/>\n<meta name=\"twitter:card\" content=\"summary_large_image\" \/>\n<meta name=\"twitter:label1\" content=\"Dur\u00e9e de lecture estim\u00e9e\" \/>\n\t<meta name=\"twitter:data1\" content=\"1 minute\" \/>\n<script type=\"application\/ld+json\" class=\"yoast-schema-graph\">{\"@context\":\"https:\\\/\\\/schema.org\",\"@graph\":[{\"@type\":\"WebPage\",\"@id\":\"http:\\\/\\\/jclebrun.eu\\\/blog\\\/archives-2024\\\/\",\"url\":\"http:\\\/\\\/jclebrun.eu\\\/blog\\\/archives-2024\\\/\",\"name\":\"Archives 2024 - Blog de Jean-Claude Lebrun\",\"isPartOf\":{\"@id\":\"http:\\\/\\\/jclebrun.eu\\\/blog\\\/#website\"},\"datePublished\":\"2023-12-30T14:22:04+00:00\",\"dateModified\":\"2024-12-24T14:40:37+00:00\",\"breadcrumb\":{\"@id\":\"http:\\\/\\\/jclebrun.eu\\\/blog\\\/archives-2024\\\/#breadcrumb\"},\"inLanguage\":\"fr-FR\",\"potentialAction\":[{\"@type\":\"ReadAction\",\"target\":[\"http:\\\/\\\/jclebrun.eu\\\/blog\\\/archives-2024\\\/\"]}]},{\"@type\":\"BreadcrumbList\",\"@id\":\"http:\\\/\\\/jclebrun.eu\\\/blog\\\/archives-2024\\\/#breadcrumb\",\"itemListElement\":[{\"@type\":\"ListItem\",\"position\":1,\"name\":\"Accueil\",\"item\":\"http:\\\/\\\/jclebrun.eu\\\/blog\\\/\"},{\"@type\":\"ListItem\",\"position\":2,\"name\":\"Archives 2024\"}]},{\"@type\":\"WebSite\",\"@id\":\"http:\\\/\\\/jclebrun.eu\\\/blog\\\/#website\",\"url\":\"http:\\\/\\\/jclebrun.eu\\\/blog\\\/\",\"name\":\"Territoires romanesques 2023\",\"description\":\"Un site de critique litt\u00e9raire, par un chroniqueur laur\u00e9at de l&#039;Acad\u00e9mie fran\u00e7aise, utilisant WordPress\",\"publisher\":{\"@id\":\"http:\\\/\\\/jclebrun.eu\\\/blog\\\/#organization\"},\"potentialAction\":[{\"@type\":\"SearchAction\",\"target\":{\"@type\":\"EntryPoint\",\"urlTemplate\":\"http:\\\/\\\/jclebrun.eu\\\/blog\\\/?s={search_term_string}\"},\"query-input\":{\"@type\":\"PropertyValueSpecification\",\"valueRequired\":true,\"valueName\":\"search_term_string\"}}],\"inLanguage\":\"fr-FR\"},{\"@type\":\"Organization\",\"@id\":\"http:\\\/\\\/jclebrun.eu\\\/blog\\\/#organization\",\"name\":\"Territoires romanesques 2023\",\"alternateName\":\"Site de critique litt\u00e9raire\",\"url\":\"http:\\\/\\\/jclebrun.eu\\\/blog\\\/\",\"logo\":{\"@type\":\"ImageObject\",\"inLanguage\":\"fr-FR\",\"@id\":\"http:\\\/\\\/jclebrun.eu\\\/blog\\\/#\\\/schema\\\/logo\\\/image\\\/\",\"url\":\"http:\\\/\\\/jclebrun.eu\\\/blog\\\/wp-content\\\/uploads\\\/2022\\\/05\\\/IMG_1446.jpg\",\"contentUrl\":\"http:\\\/\\\/jclebrun.eu\\\/blog\\\/wp-content\\\/uploads\\\/2022\\\/05\\\/IMG_1446.jpg\",\"width\":320,\"height\":240,\"caption\":\"Territoires romanesques 2023\"},\"image\":{\"@id\":\"http:\\\/\\\/jclebrun.eu\\\/blog\\\/#\\\/schema\\\/logo\\\/image\\\/\"}}]}<\/script>\n<!-- \/ Yoast SEO plugin. -->","yoast_head_json":{"title":"Archives 2024 - Blog de Jean-Claude Lebrun","robots":{"index":"index","follow":"follow","max-snippet":"max-snippet:-1","max-image-preview":"max-image-preview:large","max-video-preview":"max-video-preview:-1"},"canonical":"http:\/\/jclebrun.eu\/blog\/archives-2024\/","og_locale":"fr_FR","og_type":"article","og_title":"Archives 2024 - Blog de Jean-Claude Lebrun","og_description":"Belezi Mathieu Ben Aych Gil Bernard Michel Besson Philippe Bonilo Philippe Borda\u00e7arre Olivier Bouix Christophe Carteret Benjamin Chandernagor Fran\u00e7oise Doude Van Troostwijk Emma Duroy Lionel Egloff Jo\u00ebl Falisse Cyrille Fournel Paul Funder Anna Gounelle Matthieu Grimand Coralie Guimard Paul Haddad Hubert Hanotte Xavier Hanotte Xavier (2) Holdban C\u00e9cile A. Jordis Christine Khadra Yasmina laurrent \u00e9ric [&hellip;]","og_url":"http:\/\/jclebrun.eu\/blog\/archives-2024\/","og_site_name":"Blog de Jean-Claude Lebrun","article_modified_time":"2024-12-24T14:40:37+00:00","twitter_card":"summary_large_image","twitter_misc":{"Dur\u00e9e de lecture estim\u00e9e":"1 minute"},"schema":{"@context":"https:\/\/schema.org","@graph":[{"@type":"WebPage","@id":"http:\/\/jclebrun.eu\/blog\/archives-2024\/","url":"http:\/\/jclebrun.eu\/blog\/archives-2024\/","name":"Archives 2024 - Blog de Jean-Claude Lebrun","isPartOf":{"@id":"http:\/\/jclebrun.eu\/blog\/#website"},"datePublished":"2023-12-30T14:22:04+00:00","dateModified":"2024-12-24T14:40:37+00:00","breadcrumb":{"@id":"http:\/\/jclebrun.eu\/blog\/archives-2024\/#breadcrumb"},"inLanguage":"fr-FR","potentialAction":[{"@type":"ReadAction","target":["http:\/\/jclebrun.eu\/blog\/archives-2024\/"]}]},{"@type":"BreadcrumbList","@id":"http:\/\/jclebrun.eu\/blog\/archives-2024\/#breadcrumb","itemListElement":[{"@type":"ListItem","position":1,"name":"Accueil","item":"http:\/\/jclebrun.eu\/blog\/"},{"@type":"ListItem","position":2,"name":"Archives 2024"}]},{"@type":"WebSite","@id":"http:\/\/jclebrun.eu\/blog\/#website","url":"http:\/\/jclebrun.eu\/blog\/","name":"Territoires romanesques 2023","description":"Un site de critique litt\u00e9raire, par un chroniqueur laur\u00e9at de l&#039;Acad\u00e9mie fran\u00e7aise, utilisant WordPress","publisher":{"@id":"http:\/\/jclebrun.eu\/blog\/#organization"},"potentialAction":[{"@type":"SearchAction","target":{"@type":"EntryPoint","urlTemplate":"http:\/\/jclebrun.eu\/blog\/?s={search_term_string}"},"query-input":{"@type":"PropertyValueSpecification","valueRequired":true,"valueName":"search_term_string"}}],"inLanguage":"fr-FR"},{"@type":"Organization","@id":"http:\/\/jclebrun.eu\/blog\/#organization","name":"Territoires romanesques 2023","alternateName":"Site de critique litt\u00e9raire","url":"http:\/\/jclebrun.eu\/blog\/","logo":{"@type":"ImageObject","inLanguage":"fr-FR","@id":"http:\/\/jclebrun.eu\/blog\/#\/schema\/logo\/image\/","url":"http:\/\/jclebrun.eu\/blog\/wp-content\/uploads\/2022\/05\/IMG_1446.jpg","contentUrl":"http:\/\/jclebrun.eu\/blog\/wp-content\/uploads\/2022\/05\/IMG_1446.jpg","width":320,"height":240,"caption":"Territoires romanesques 2023"},"image":{"@id":"http:\/\/jclebrun.eu\/blog\/#\/schema\/logo\/image\/"}}]}},"_links":{"self":[{"href":"https:\/\/jclebrun.eu\/blog\/wp-json\/wp\/v2\/pages\/1584","targetHints":{"allow":["GET"]}}],"collection":[{"href":"https:\/\/jclebrun.eu\/blog\/wp-json\/wp\/v2\/pages"}],"about":[{"href":"https:\/\/jclebrun.eu\/blog\/wp-json\/wp\/v2\/types\/page"}],"author":[{"embeddable":true,"href":"https:\/\/jclebrun.eu\/blog\/wp-json\/wp\/v2\/users\/1"}],"replies":[{"embeddable":true,"href":"https:\/\/jclebrun.eu\/blog\/wp-json\/wp\/v2\/comments?post=1584"}],"version-history":[{"count":73,"href":"https:\/\/jclebrun.eu\/blog\/wp-json\/wp\/v2\/pages\/1584\/revisions"}],"predecessor-version":[{"id":2118,"href":"https:\/\/jclebrun.eu\/blog\/wp-json\/wp\/v2\/pages\/1584\/revisions\/2118"}],"wp:attachment":[{"href":"https:\/\/jclebrun.eu\/blog\/wp-json\/wp\/v2\/media?parent=1584"}],"curies":[{"name":"wp","href":"https:\/\/api.w.org\/{rel}","templated":true}]}}